
    
    {"id":118,"date":"2012-07-24T15:44:05","date_gmt":"2012-07-24T13:44:05","guid":{"rendered":"http:\/\/www.meteori.rs\/wordpress\/?page_id=118"},"modified":"2014-09-29T22:22:30","modified_gmt":"2014-09-29T20:22:30","slug":"perseidi-2-1995","status":"publish","type":"page","link":"http:\/\/www.meteori.rs\/wordpress\/perseidi\/perseidi-2-1995\/","title":{"rendered":"Perseidi 2 (1995)"},"content":{"rendered":"<table>\n<tr>\n<td valign=\"top\">\n<img src=\"http:\/\/www.meteori.rs\/wordpress\/wp-content\/uploads\/2012\/07\/Perseidi95-212x300.jpg\" title=\"Naslovna strana\" align=\"left\" \/><br \/>\n<br clear=\"all\" \/>\n<\/td>\n<td valign=\"top\">\n<h2>Sadr\u017eaj<\/h2>\n<ul>\n<li>Da vidimo gde smo&hellip;<\/li>\n<li>Elementarna fizi\u010dka teorija meteora<\/li>\n<li>Izvla\u010denje informacija sa fotografija<\/li>\n<li>Analiza fotografije &ndash; kako to uraditi na jednostavniji na\u010din<\/li>\n<li>Primer odre\u0111ivanja radijanta sa fotografija<\/li>\n<li>VIdeo PosmatranjE meteoRA<\/li>\n<li>Meteorski kalendar za 1996.<\/li>\n<li>Nebo nad Belograd\u010dikom i nebo nad Berlinom<\/li>\n<li>Aktivnost Perseida u 1994.<\/li>\n<li>Perseidi 1995<\/li>\n<li>Leonidi 1995<\/li>\n<li>Magnitude nekih poredbenih objekata<\/li>\n<li>Direktno odre\u0111ivanje grani\u010dne magnitude<\/li>\n<li>Poligoni za odre\u0111ivanje grani\u010dne madnitude<\/li>\n<li>Spisak literature&hellip;<\/li>\n<li>Nova imena, nove adrese&hellip;<\/li>\n<\/ul>\n<p>Preuzmite kompletan broj: <a title=\"Perseidi95.pdf\" href=\"http:\/\/www.meteori.rs\/uploads\/Perseidi95.pdf\">Perseidi95.pdf<\/a>\n<\/td>\n<\/tr>\n<\/table>\n","protected":false},"excerpt":{"rendered":"<p>Sadr\u017eaj Da vidimo gde smo&hellip; Elementarna fizi\u010dka teorija meteora Izvla\u010denje informacija sa fotografija Analiza fotografije &ndash; kako to uraditi na jednostavniji na\u010din Primer odre\u0111ivanja radijanta sa fotografija VIdeo PosmatranjE meteoRA Meteorski kalendar za 1996. Nebo nad Belograd\u010dikom i nebo nad Berlinom Aktivnost Perseida u 1994. Perseidi 1995 Leonidi 1995 Magnitude \u2026 <a class=\"continue-reading-link\" href=\"http:\/\/www.meteori.rs\/wordpress\/perseidi\/perseidi-2-1995\/\"> Continue reading <span class=\"meta-nav\">&rarr; <\/span><\/a><\/p>\n","protected":false},"author":1,"featured_media":0,"parent":55,"menu_order":7,"comment_status":"closed","ping_status":"closed","template":"","meta":[],"_links":{"self":[{"href":"http:\/\/www.meteori.rs\/wordpress\/wp-json\/wp\/v2\/pages\/118"}],"collection":[{"href":"http:\/\/www.meteori.rs\/wordpress\/wp-json\/wp\/v2\/pages"}],"about":[{"href":"http:\/\/www.meteori.rs\/wordpress\/wp-json\/wp\/v2\/types\/page"}],"author":[{"embeddable":true,"href":"http:\/\/www.meteori.rs\/wordpress\/wp-json\/wp\/v2\/users\/1"}],"replies":[{"embeddable":true,"href":"http:\/\/www.meteori.rs\/wordpress\/wp-json\/wp\/v2\/comments?post=118"}],"version-history":[{"count":6,"href":"http:\/\/www.meteori.rs\/wordpress\/wp-json\/wp\/v2\/pages\/118\/revisions"}],"predecessor-version":[{"id":414,"href":"http:\/\/www.meteori.rs\/wordpress\/wp-json\/wp\/v2\/pages\/118\/revisions\/414"}],"up":[{"embeddable":true,"href":"http:\/\/www.meteori.rs\/wordpress\/wp-json\/wp\/v2\/pages\/55"}],"wp:attachment":[{"href":"http:\/\/www.meteori.rs\/wordpress\/wp-json\/wp\/v2\/media?parent=118"}],"curies":[{"name":"wp","href":"https:\/\/api.w.org\/{rel}","templated":true}]}}