
    
    {"id":123,"date":"2012-07-25T02:25:31","date_gmt":"2012-07-25T00:25:31","guid":{"rendered":"http:\/\/www.meteori.rs\/wordpress\/?page_id=123"},"modified":"2014-09-29T22:22:35","modified_gmt":"2014-09-29T20:22:35","slug":"perseidi-1-1993","status":"publish","type":"page","link":"http:\/\/www.meteori.rs\/wordpress\/perseidi\/perseidi-1-1993\/","title":{"rendered":"Perseidi 1 (1993)"},"content":{"rendered":"<table>\n<tr>\n<td valign=\"top\">\n<img src=\"http:\/\/www.meteori.rs\/wordpress\/wp-content\/uploads\/2013\/11\/perseidi-1.jpg\" title=\"Naslovna strana\" align=\"left\" width=\"300\"\/><br \/>\n<br clear=\"all\" \/>\n<\/td>\n<td valign=\"top\">\n<h2>Sadr\u017eaj<\/h2>\n<ul>\n<li>Hronika<\/li>\n<li>\u0160ta su to meteori<\/li>\n<li>Veze i vezice izme\u0111u komete Swift-Tuttle i Perseida<\/li>\n<li>Perseidi kroz povest<\/li>\n<li>Vizuelno posmatranje meteora (pri normalnoj aktivnosti)<\/li>\n<li>Vizuelno posmatranje meteora tokom pove\u0107ane aktivnosti<\/li>\n<li>Kada i kako srediti i obraditi svoje podatke<\/li>\n<li>Odre\u0111ivanje radijanta meteorskog roj<\/li>\n<li>Odre\u0111ivanje numeri\u010dke gustine i masenog indeksa meteorskog roja<\/li>\n<li>Kako smo slikali Perseide<\/li>\n<li>Teleskopiranje meteora<\/li>\n<li>Video kamera i meteori<\/li>\n<li>Rezultati posmatranja<\/li>\n<li>Literatura&hellip;<\/li>\n<li>Mape i prilozi<\/li>\n<li>Adrese u\u010desnika<\/li>\n<\/ul>\n<p>Preuzmite kompletan broj: <a title=\"Perseidi 1 (1993).pdf\" href=\"http:\/\/www.meteori.rs\/uploads\/Perseidi 1 (1993).pdf\">Perseidi 1 (1993).pdf<\/a>.\n<\/td>\n<\/tr>\n<\/table>\n","protected":false},"excerpt":{"rendered":"<p>Sadr\u017eaj Hronika \u0160ta su to meteori Veze i vezice izme\u0111u komete Swift-Tuttle i Perseida Perseidi kroz povest Vizuelno posmatranje meteora (pri normalnoj aktivnosti) Vizuelno posmatranje meteora tokom pove\u0107ane aktivnosti Kada i kako srediti i obraditi svoje podatke Odre\u0111ivanje radijanta meteorskog roj Odre\u0111ivanje numeri\u010dke gustine i masenog indeksa meteorskog roja Kako \u2026 <a class=\"continue-reading-link\" href=\"http:\/\/www.meteori.rs\/wordpress\/perseidi\/perseidi-1-1993\/\"> Continue reading <span class=\"meta-nav\">&rarr; <\/span><\/a><\/p>\n","protected":false},"author":1,"featured_media":0,"parent":55,"menu_order":8,"comment_status":"closed","ping_status":"closed","template":"","meta":[],"_links":{"self":[{"href":"http:\/\/www.meteori.rs\/wordpress\/wp-json\/wp\/v2\/pages\/123"}],"collection":[{"href":"http:\/\/www.meteori.rs\/wordpress\/wp-json\/wp\/v2\/pages"}],"about":[{"href":"http:\/\/www.meteori.rs\/wordpress\/wp-json\/wp\/v2\/types\/page"}],"author":[{"embeddable":true,"href":"http:\/\/www.meteori.rs\/wordpress\/wp-json\/wp\/v2\/users\/1"}],"replies":[{"embeddable":true,"href":"http:\/\/www.meteori.rs\/wordpress\/wp-json\/wp\/v2\/comments?post=123"}],"version-history":[{"count":10,"href":"http:\/\/www.meteori.rs\/wordpress\/wp-json\/wp\/v2\/pages\/123\/revisions"}],"predecessor-version":[{"id":260,"href":"http:\/\/www.meteori.rs\/wordpress\/wp-json\/wp\/v2\/pages\/123\/revisions\/260"}],"up":[{"embeddable":true,"href":"http:\/\/www.meteori.rs\/wordpress\/wp-json\/wp\/v2\/pages\/55"}],"wp:attachment":[{"href":"http:\/\/www.meteori.rs\/wordpress\/wp-json\/wp\/v2\/media?parent=123"}],"curies":[{"name":"wp","href":"https:\/\/api.w.org\/{rel}","templated":true}]}}