
    
    {"id":452,"date":"2015-04-28T22:54:43","date_gmt":"2015-04-28T20:54:43","guid":{"rendered":"http:\/\/www.meteori.rs\/wordpress\/?page_id=452"},"modified":"2018-05-01T19:01:32","modified_gmt":"2018-05-01T17:01:32","slug":"sma-2018","status":"publish","type":"page","link":"http:\/\/www.meteori.rs\/wordpress\/sma-2018\/","title":{"rendered":"\u0160MA 2018"},"content":{"rendered":"<p>Ove godine \u0161kola meteorske astronomije \u0107e biti organizovana <strong>od 14. do 23. juna<\/strong>\u00a0u Istra\u017eiva\u010dkoj stanici Petnica.<\/p>\n<p>\u0160kola meteorske astronomije namenjena je polaznicima i saradnicima standardnih seminara ISP. Pri tome, pravo u\u010de\u0161\u0107a imaju srednjo\u0161kolci koji su u\u010destvovali na bar jednom zimskom seminaru u Petnici. U\u010desnici mogu biti i studenti bez obzira da li su u\u010destvovali na petni\u010dkim seminarima ili ne.<\/p>\n<p>Svi odabrani u\u010desnici \u0107e o detaljima pla\u0107anja biti obave\u0161teni ubrzo nakon isteka roka za prijavljivanje.<\/p>\n<p>Prijave su otvorene i prijavljivanje se vr\u0161i putem <a href=\"https:\/\/goo.gl\/forms\/MUAXZRbORajrEyZw2\" target=\"_blank\" rel=\"noopener\">ovog upitnika<\/a>. Rok za prijavljivanje je <strong>20. maj<\/strong>.<\/p>\n<p>Zainteresovanima za u\u010de\u0161\u0107e na \u0161koli od koristi mo\u017ee biti informacija da PMG od 4. do 19. avgusta na Debelom Brdu kod Valjeva organizuje <strong>letnji posmatra\u010dki<\/strong> <strong>kamp<\/strong>, a od 6. do 11. septembra u Istra\u017eiva\u010dkoj stanici Petnica <strong>radionicu<\/strong> za obradu video posmatranja meteora. Deo prakti\u010dnih sadr\u017eaja \u0161kole realizova\u0107e se tokom ovog kampa, odnosno radionice.<\/p>\n<p>Osim ova tri programa, PMG organizuje jo\u0161 nekoliko manjih posmatra\u010dkih kampova, delom u Petnici, a delom na Debelom Brdu.<\/p>\n<p>Za sve detaljnije informacije pi\u0161ite na adresu <a href=\"mail-to:&#x70;&#x6d;&#x67;&#x40;&#109;&#101;teo&#x72;&#x69;&#x2e;&#x72;&#x73;\">p&#x6d;&#x67;&#64;&#109;&#x65;t&#101;&#x6f;r&#105;&#x2e;rs<\/a>.<\/p>\n","protected":false},"excerpt":{"rendered":"<p>Ove godine \u0161kola meteorske astronomije \u0107e biti organizovana od 14. do 23. juna\u00a0u Istra\u017eiva\u010dkoj stanici Petnica. \u0160kola meteorske astronomije namenjena je polaznicima i saradnicima standardnih seminara ISP. Pri tome, pravo u\u010de\u0161\u0107a imaju srednjo\u0161kolci koji su u\u010destvovali na bar jednom zimskom seminaru u Petnici. U\u010desnici mogu biti i studenti bez obzira \u2026 <a class=\"continue-reading-link\" href=\"http:\/\/www.meteori.rs\/wordpress\/sma-2018\/\"> Continue reading <span class=\"meta-nav\">&rarr; <\/span><\/a><\/p>\n","protected":false},"author":2,"featured_media":0,"parent":0,"menu_order":0,"comment_status":"closed","ping_status":"closed","template":"template-onecolumn.php","meta":[],"_links":{"self":[{"href":"http:\/\/www.meteori.rs\/wordpress\/wp-json\/wp\/v2\/pages\/452"}],"collection":[{"href":"http:\/\/www.meteori.rs\/wordpress\/wp-json\/wp\/v2\/pages"}],"about":[{"href":"http:\/\/www.meteori.rs\/wordpress\/wp-json\/wp\/v2\/types\/page"}],"author":[{"embeddable":true,"href":"http:\/\/www.meteori.rs\/wordpress\/wp-json\/wp\/v2\/users\/2"}],"replies":[{"embeddable":true,"href":"http:\/\/www.meteori.rs\/wordpress\/wp-json\/wp\/v2\/comments?post=452"}],"version-history":[{"count":1,"href":"http:\/\/www.meteori.rs\/wordpress\/wp-json\/wp\/v2\/pages\/452\/revisions"}],"predecessor-version":[{"id":500,"href":"http:\/\/www.meteori.rs\/wordpress\/wp-json\/wp\/v2\/pages\/452\/revisions\/500"}],"wp:attachment":[{"href":"http:\/\/www.meteori.rs\/wordpress\/wp-json\/wp\/v2\/media?parent=452"}],"curies":[{"name":"wp","href":"https:\/\/api.w.org\/{rel}","templated":true}]}}