
    
    {"id":55,"date":"2012-05-30T09:04:50","date_gmt":"2012-05-30T07:04:50","guid":{"rendered":"http:\/\/www.meteori.rs\/wordpress\/?page_id=55"},"modified":"2014-09-29T22:22:16","modified_gmt":"2014-09-29T20:22:16","slug":"perseidi","status":"publish","type":"page","link":"http:\/\/www.meteori.rs\/wordpress\/perseidi\/","title":{"rendered":"\u201ePerseidi\u201c"},"content":{"rendered":"<p><strong>\u201ePerseidi\u201c<\/strong> su periodi\u010dni \u010dasopis za meteore i mala tela (ta\u010dnije za ljude koji se zanimaju meteorima i malim telima Sun\u010devog sistema). \u201ePerseide\u201c objavljuje <a title=\"Istra\u017eiva\u010dka stanica Petnica\" href=\"http:\/\/www.petnica.rs\" target=\"_blank\">Istra\u017eiva\u010dka stanica Petnica<\/a> a priprema Petni\u010dka meteorska grupa.<\/p>\n","protected":false},"excerpt":{"rendered":"<p>\u201ePerseidi\u201c su periodi\u010dni \u010dasopis za meteore i mala tela (ta\u010dnije za ljude koji se zanimaju meteorima i malim telima Sun\u010devog sistema). \u201ePerseide\u201c objavljuje Istra\u017eiva\u010dka stanica Petnica a priprema Petni\u010dka meteorska grupa.<\/p>\n","protected":false},"author":1,"featured_media":0,"parent":0,"menu_order":3,"comment_status":"closed","ping_status":"closed","template":"","meta":[],"_links":{"self":[{"href":"http:\/\/www.meteori.rs\/wordpress\/wp-json\/wp\/v2\/pages\/55"}],"collection":[{"href":"http:\/\/www.meteori.rs\/wordpress\/wp-json\/wp\/v2\/pages"}],"about":[{"href":"http:\/\/www.meteori.rs\/wordpress\/wp-json\/wp\/v2\/types\/page"}],"author":[{"embeddable":true,"href":"http:\/\/www.meteori.rs\/wordpress\/wp-json\/wp\/v2\/users\/1"}],"replies":[{"embeddable":true,"href":"http:\/\/www.meteori.rs\/wordpress\/wp-json\/wp\/v2\/comments?post=55"}],"version-history":[{"count":5,"href":"http:\/\/www.meteori.rs\/wordpress\/wp-json\/wp\/v2\/pages\/55\/revisions"}],"predecessor-version":[{"id":617,"href":"http:\/\/www.meteori.rs\/wordpress\/wp-json\/wp\/v2\/pages\/55\/revisions\/617"}],"wp:attachment":[{"href":"http:\/\/www.meteori.rs\/wordpress\/wp-json\/wp\/v2\/media?parent=55"}],"curies":[{"name":"wp","href":"https:\/\/api.w.org\/{rel}","templated":true}]}}