
    
    {"id":76,"date":"2012-06-06T10:22:26","date_gmt":"2012-06-06T08:22:26","guid":{"rendered":"http:\/\/www.meteori.rs\/wordpress\/?page_id=76"},"modified":"2014-09-29T22:22:26","modified_gmt":"2014-09-29T20:22:26","slug":"perseidi-3-1997","status":"publish","type":"page","link":"http:\/\/www.meteori.rs\/wordpress\/perseidi\/perseidi-3-1997\/","title":{"rendered":"Perseidi 3 (1997)"},"content":{"rendered":"<table>\n<tr>\n<td valign=\"top\">\n<img src=\"http:\/\/www.meteori.rs\/wordpress\/wp-content\/uploads\/2012\/06\/perseidi3-212x300.jpg\" title=\"Naslovna strana\" align=\"left\" \/><br \/>\n<br clear=\"all\" \/>\n<\/td>\n<td valign=\"top\">\n<h2>Sadr\u017eaj<\/h2>\n<ul>\n<li>Umesto uvoda<\/li>\n<li>Hronika '96.<\/li>\n<li>Popravke brzine i radijanta meteora<\/li>\n<li>Odre\u0111ivanje Keplerove orbite meteorske \u010destice<\/li>\n<li>Meteorski kalendar za 1997\/98. godinu<\/li>\n<li>IMC '96, Apeldoorn<\/li>\n<li>Na posmatranjima sa AKM-om<\/li>\n<li>Posmatranja meteora u '96. godini<\/li>\n<li>Odre\u0111ivanje magnitude meteora i grani\u010dne magnitude<\/li>\n<li>Adresar<\/li>\n<\/ul>\n<p>Preuzmite kompletan broj: <a title=\"Perseidi 3 (1997).pdf\" href=\"http:\/\/www.meteori.rs\/wordpress\/wp-content\/uploads\/2013\/11\/Perseidi-3-1997.pdf\">Perseidi 3 (1997).pdf<\/a>\n<\/td>\n<\/tr>\n<\/table>\n","protected":false},"excerpt":{"rendered":"<p>Sadr\u017eaj Umesto uvoda Hronika &#8217;96. Popravke brzine i radijanta meteora Odre\u0111ivanje Keplerove orbite meteorske \u010destice Meteorski kalendar za 1997\/98. godinu IMC &#8217;96, Apeldoorn Na posmatranjima sa AKM-om Posmatranja meteora u &#8217;96. godini Odre\u0111ivanje magnitude meteora i grani\u010dne magnitude Adresar Preuzmite kompletan broj: Perseidi 3 (1997).pdf<\/p>\n","protected":false},"author":1,"featured_media":0,"parent":55,"menu_order":6,"comment_status":"closed","ping_status":"closed","template":"","meta":[],"_links":{"self":[{"href":"http:\/\/www.meteori.rs\/wordpress\/wp-json\/wp\/v2\/pages\/76"}],"collection":[{"href":"http:\/\/www.meteori.rs\/wordpress\/wp-json\/wp\/v2\/pages"}],"about":[{"href":"http:\/\/www.meteori.rs\/wordpress\/wp-json\/wp\/v2\/types\/page"}],"author":[{"embeddable":true,"href":"http:\/\/www.meteori.rs\/wordpress\/wp-json\/wp\/v2\/users\/1"}],"replies":[{"embeddable":true,"href":"http:\/\/www.meteori.rs\/wordpress\/wp-json\/wp\/v2\/comments?post=76"}],"version-history":[{"count":12,"href":"http:\/\/www.meteori.rs\/wordpress\/wp-json\/wp\/v2\/pages\/76\/revisions"}],"predecessor-version":[{"id":255,"href":"http:\/\/www.meteori.rs\/wordpress\/wp-json\/wp\/v2\/pages\/76\/revisions\/255"}],"up":[{"embeddable":true,"href":"http:\/\/www.meteori.rs\/wordpress\/wp-json\/wp\/v2\/pages\/55"}],"wp:attachment":[{"href":"http:\/\/www.meteori.rs\/wordpress\/wp-json\/wp\/v2\/media?parent=76"}],"curies":[{"name":"wp","href":"https:\/\/api.w.org\/{rel}","templated":true}]}}